{"id":65,"date":"2021-02-21T01:27:37","date_gmt":"2021-02-21T01:27:37","guid":{"rendered":"http:\/\/manu.fitness\/?page_id=65"},"modified":"2021-02-23T00:41:01","modified_gmt":"2021-02-23T00:41:01","slug":"leistungen","status":"publish","type":"page","link":"https:\/\/manu.fitness\/?page_id=65","title":{"rendered":"Leistungen"},"content":{"rendered":"<div data-colibri-id=\"65-c1\" class=\"style-510 style-local-65-c1 position-relative\">\n  <!---->\n  <div data-colibri-component=\"section\" data-colibri-id=\"65-c2\" id=\"about\" class=\"h-section h-section-global-spacing d-flex align-items-lg-center align-items-md-center align-items-center style-514 style-local-65-c2 position-relative\">\n    <!---->\n    <!---->\n    <div class=\"h-section-grid-container h-section-boxed-container\">\n      <!---->\n      <div data-colibri-id=\"65-c3\" class=\"h-row-container gutters-row-lg-0 gutters-row-md-0 gutters-row-0 gutters-row-v-lg-0 gutters-row-v-md-0 gutters-row-v-0 style-515 style-local-65-c3 position-relative\">\n        <!---->\n        <div class=\"h-row justify-content-lg-center justify-content-md-center justify-content-center align-items-lg-stretch align-items-md-stretch align-items-stretch gutters-col-lg-0 gutters-col-md-0 gutters-col-0 gutters-col-v-lg-0 gutters-col-v-md-0 gutters-col-v-0\">\n          <!---->\n          <div class=\"h-column h-column-container d-flex h-col-lg-auto h-col-md-auto h-col-auto style-516-outer style-local-65-c4-outer\">\n            <div data-colibri-id=\"65-c4\" class=\"d-flex h-flex-basis h-column__inner h-px-lg-0 h-px-md-0 h-px-0 v-inner-lg-0 v-inner-md-0 v-inner-0 style-516 style-local-65-c4 position-relative\">\n              <!---->\n              <!---->\n              <div class=\"w-100 h-y-container h-column__content h-column__v-align flex-basis-100 align-self-lg-start align-self-md-start align-self-start\">\n                <!---->\n                <div data-colibri-id=\"65-c5\" class=\"h-global-transition-all h-heading style-517 style-local-65-c5 position-relative h-element\">\n                  <!---->\n                  <div class=\"h-heading__outer style-517 style-local-65-c5\">\n                    <!---->\n                    <!---->\n                    <h5 class=\"\">Packen wir es an!<\/h5>\n                  <\/div>\n                <\/div>\n                <div data-colibri-id=\"65-c6\" class=\"h-global-transition-all h-heading style-518 style-local-65-c6 position-relative h-element\">\n                  <!---->\n                  <div class=\"h-heading__outer style-518 style-local-65-c6\">\n                    <!---->\n                    <!---->\n                    <h2 class=\"\">In verschiedener Hinsicht habe ich jeweils ein ganzes Spektrum anzubieten&#8230;<\/h2>\n                  <\/div>\n                <\/div>\n                <div data-colibri-id=\"65-c7\" class=\"h-text h-text-component style-519 style-local-65-c7 position-relative h-element\">\n                  <!---->\n                  <!---->\n                  <div class=\"\">\n                    <p>Von Anf\u00e4ngern bis hin zu Profis, von telefonischer Beratung oder Tipps per WhatsApp \u00fcber Videochats bis hin zu pers\u00f6nlichen Treffen im In- und Ausland, von Ern\u00e4hrung \u00fcber Training bis hin zum Modelling &#8211; M\u00f6glichkeiten gibt es unz\u00e4hlige.\n                      Finden wir heraus, was ich f\u00fcr Dich tun kann!<\/p>\n                  <\/div>\n                <\/div>\n              <\/div>\n            <\/div>\n          <\/div>\n          <div class=\"h-column h-column-container d-flex h-col-lg-auto h-col-md-auto h-col-auto style-520-outer style-local-65-c8-outer\">\n            <div data-colibri-id=\"65-c8\" class=\"d-flex h-flex-basis h-column__inner h-ui-empty-state-container h-px-lg-2 h-px-md-2 h-px-2 v-inner-lg-2 v-inner-md-2 v-inner-2 style-520 style-local-65-c8 position-relative\">\n              <!---->\n              <!---->\n              <div class=\"w-100 h-y-container h-column__content h-column__v-align flex-basis-100\">\n                <!---->\n              <\/div>\n            <\/div>\n          <\/div>\n        <\/div>\n      <\/div>\n    <\/div>\n  <\/div>\n  <div data-colibri-component=\"section\" data-colibri-id=\"65-c9\" id=\"custom-2\" class=\"h-section h-section-global-spacing d-flex align-items-lg-center align-items-md-center align-items-center style-521 style-local-65-c9 position-relative\">\n    <!---->\n    <!---->\n    <div class=\"h-section-grid-container h-section-boxed-container\">\n      <!---->\n      <div data-colibri-id=\"65-c10\" class=\"h-row-container gutters-row-lg-2 gutters-row-md-2 gutters-row-0 gutters-row-v-lg-2 gutters-row-v-md-2 gutters-row-v-2 style-525 style-local-65-c10 position-relative\">\n        <!---->\n        <div class=\"h-row justify-content-lg-center justify-content-md-center justify-content-center align-items-lg-stretch align-items-md-stretch align-items-stretch gutters-col-lg-2 gutters-col-md-2 gutters-col-0 gutters-col-v-lg-2 gutters-col-v-md-2 gutters-col-v-2\">\n          <!---->\n          <div class=\"h-column h-column-container d-flex h-col-lg-auto h-col-md-auto h-col-auto style-526-outer style-local-65-c11-outer\">\n            <div data-colibri-id=\"65-c11\" class=\"d-flex h-flex-basis h-column__inner h-px-lg-2 h-px-md-2 h-px-2 v-inner-lg-2 v-inner-md-2 v-inner-2 style-526 style-local-65-c11 position-relative\">\n              <!---->\n              <!---->\n              <div class=\"w-100 h-y-container h-column__content h-column__v-align flex-basis-100 align-self-lg-start align-self-md-start align-self-start\">\n                <!---->\n                <div data-colibri-id=\"65-c12\" class=\"icon-list d-flex justify-content-lg-center justify-content-md-center justify-content-center style-524 style-local-65-c12 position-relative h-element\">\n                  <!---->\n                  <ul class=\"ul-list-icon vertical-on-desktop vertical-on-tablet vertical-on-mobile justify-content-lg-center justify-content-md-center justify-content-center\">\n                    <!---->\n                    <li class=\"list-item no-gutters\">\n                      <!---->\n                      <div class=\"list-container-divider d-flex justify-content-lg-center justify-content-md-center justify-content-center first-el-spacer\"><\/div>\n                      <a href=\"\/?page_id=8\" h-use-smooth-scroll=\"true\" class=\"item-link no-gutters\">\n                        <div class=\"d-flex h-col no-gutters align-items-lg-center align-items-md-center align-items-center list-item-text-wrapper\">\n                          <div class=\"d-flex\"><span class=\"h-svg-icon style-524-icon style-local-65-c12-icon\"><!--Icon by Font Awesome (https:\/\/fontawesome.com)--><svg version=\"1.1\" xmlns=\"http:\/\/www.w3.org\/2000\/svg\" xmlns:xlink=\"http:\/\/www.w3.org\/1999\/xlink\" id=\"chevron-right\" viewBox=\"0 0 1280 1896.0833\"><path d=\"M1107 877l-742 742q-19 19-45 19t-45-19l-166-166q-19-19-19-45t19-45l531-531-531-531q-19-19-19-45t19-45L275 45q19-19 45-19t45 19l742 742q19 19 19 45t-19 45z\"><\/path><\/svg><\/span><\/div>\n                          <span class=\"list-text d-block\"><span>Ern\u00e4hrungsberatung<\/span><\/span>\n                        <\/div>\n                      <\/a>\n                      <div class=\"list-container-divider d-flex justify-content-lg-center justify-content-md-center justify-content-center\">\n                        <!---->\n                      <\/div>\n                    <\/li>\n                    <li class=\"list-item no-gutters\">\n                      <!---->\n                      <!---->\n                      <a href=\"\/?page_id=5\" h-use-smooth-scroll=\"true\" class=\"item-link no-gutters\">\n                        <div class=\"d-flex h-col no-gutters align-items-lg-center align-items-md-center align-items-center list-item-text-wrapper\">\n                          <div class=\"d-flex\"><span class=\"h-svg-icon style-524-icon style-local-65-c12-icon\"><!--Icon by Font Awesome (https:\/\/fontawesome.com)--><svg version=\"1.1\" xmlns=\"http:\/\/www.w3.org\/2000\/svg\" xmlns:xlink=\"http:\/\/www.w3.org\/1999\/xlink\" id=\"chevron-right\" viewBox=\"0 0 1280 1896.0833\"><path d=\"M1107 877l-742 742q-19 19-45 19t-45-19l-166-166q-19-19-19-45t19-45l531-531-531-531q-19-19-19-45t19-45L275 45q19-19 45-19t45 19l742 742q19 19 19 45t-19 45z\"><\/path><\/svg><\/span><\/div>\n                          <span class=\"list-text d-block\"><span>Personal Training<\/span><\/span>\n                        <\/div>\n                      <\/a>\n                      <div class=\"list-container-divider d-flex justify-content-lg-center justify-content-md-center justify-content-center\">\n                        <!---->\n                      <\/div>\n                    <\/li>\n                    <li class=\"list-item no-gutters\">\n                      <!---->\n                      <!---->\n                      <a href=\"\/?page_id=9\" h-use-smooth-scroll=\"true\" class=\"item-link no-gutters\">\n                        <div class=\"d-flex h-col no-gutters align-items-lg-center align-items-md-center align-items-center list-item-text-wrapper\">\n                          <div class=\"d-flex\"><span class=\"h-svg-icon style-524-icon style-local-65-c12-icon\"><!--Icon by Font Awesome (https:\/\/fontawesome.com)--><svg version=\"1.1\" xmlns=\"http:\/\/www.w3.org\/2000\/svg\" xmlns:xlink=\"http:\/\/www.w3.org\/1999\/xlink\" id=\"chevron-right\" viewBox=\"0 0 1280 1896.0833\"><path d=\"M1107 877l-742 742q-19 19-45 19t-45-19l-166-166q-19-19-19-45t19-45l531-531-531-531q-19-19-19-45t19-45L275 45q19-19 45-19t45 19l742 742q19 19 19 45t-19 45z\"><\/path><\/svg><\/span><\/div>\n                          <span class=\"list-text d-block\"><span>Fitness Model<\/span><\/span>\n                        <\/div>\n                      <\/a>\n                      <div class=\"list-container-divider d-flex justify-content-lg-center justify-content-md-center justify-content-center\">\n                        <!---->\n                      <\/div>\n                    <\/li>\n                    <li class=\"list-item no-gutters\">\n                      <!---->\n                      <!---->\n                      <a href=\"\/?page_id=75\" h-use-smooth-scroll=\"true\" class=\"item-link no-gutters\">\n                        <div class=\"d-flex h-col no-gutters align-items-lg-center align-items-md-center align-items-center list-item-text-wrapper\">\n                          <div class=\"d-flex\"><span class=\"h-svg-icon style-524-icon style-local-65-c12-icon\"><!--Icon by Font Awesome (https:\/\/fontawesome.com)--><svg version=\"1.1\" xmlns=\"http:\/\/www.w3.org\/2000\/svg\" xmlns:xlink=\"http:\/\/www.w3.org\/1999\/xlink\" id=\"chevron-right\" viewBox=\"0 0 1280 1896.0833\"><path d=\"M1107 877l-742 742q-19 19-45 19t-45-19l-166-166q-19-19-19-45t19-45l531-531-531-531q-19-19-19-45t19-45L275 45q19-19 45-19t45 19l742 742q19 19 19 45t-19 45z\"><\/path><\/svg><\/span><\/div>\n                          <span class=\"list-text d-block\"><span>Buchung<\/span><\/span>\n                        <\/div>\n                      <\/a>\n                      <div class=\"list-container-divider d-flex justify-content-lg-center justify-content-md-center justify-content-center\" style=\"display: none;\">\n                        <!---->\n                      <\/div>\n                      <div class=\"list-container-divider d-flex justify-content-lg-center justify-content-md-center justify-content-center last-el-spacer\"><\/div>\n                    <\/li>\n                  <\/ul>\n                <\/div>\n              <\/div>\n            <\/div>\n          <\/div>\n        <\/div>\n      <\/div>\n    <\/div>\n  <\/div>\n<\/div>","protected":false},"excerpt":{"rendered":"<p>Packen wir es an! In verschiedener Hinsicht habe ich jeweils ein ganzes Spektrum anzubieten&#8230; Von Anf\u00e4ngern bis hin zu Profis, von telefonischer Beratung oder Tipps per WhatsApp \u00fcber Videochats bis hin zu pers\u00f6nlichen Treffen im In- und Ausland, von Ern\u00e4hrung \u00fcber Training bis hin zum Modelling &#8211; M\u00f6glichkeiten gibt es unz\u00e4hlige. Finden wir heraus, was [&hellip;]<\/p>\n","protected":false},"author":1,"featured_media":0,"parent":0,"menu_order":0,"comment_status":"closed","ping_status":"closed","template":"page-templates\/full-width-page.php","meta":{"footnotes":""},"class_list":["post-65","page","type-page","status-publish","hentry"],"yoast_head":"<!-- This site is optimized with the Yoast SEO plugin v25.8 - https:\/\/yoast.com\/wordpress\/plugins\/seo\/ -->\n<title>Leistungen - Manu Fit One<\/title>\n<meta name=\"robots\" content=\"index, follow, max-snippet:-1, max-image-preview:large, max-video-preview:-1\" \/>\n<link rel=\"canonical\" href=\"https:\/\/manu.fitness\/?page_id=65\" \/>\n<meta property=\"og:locale\" content=\"de_DE\" \/>\n<meta property=\"og:type\" content=\"article\" \/>\n<meta property=\"og:title\" content=\"Leistungen - Manu Fit One\" \/>\n<meta property=\"og:description\" content=\"Packen wir es an! In verschiedener Hinsicht habe ich jeweils ein ganzes Spektrum anzubieten&#8230; Von Anf\u00e4ngern bis hin zu Profis, von telefonischer Beratung oder Tipps per WhatsApp \u00fcber Videochats bis hin zu pers\u00f6nlichen Treffen im In- und Ausland, von Ern\u00e4hrung \u00fcber Training bis hin zum Modelling &#8211; M\u00f6glichkeiten gibt es unz\u00e4hlige. Finden wir heraus, was [&hellip;]\" \/>\n<meta property=\"og:url\" content=\"https:\/\/manu.fitness\/?page_id=65\" \/>\n<meta property=\"og:site_name\" content=\"Manu Fit One\" \/>\n<meta property=\"article:modified_time\" content=\"2021-02-23T00:41:01+00:00\" \/>\n<meta name=\"twitter:card\" content=\"summary_large_image\" \/>\n<script type=\"application\/ld+json\" class=\"yoast-schema-graph\">{\"@context\":\"https:\/\/schema.org\",\"@graph\":[{\"@type\":\"WebPage\",\"@id\":\"https:\/\/manu.fitness\/?page_id=65\",\"url\":\"https:\/\/manu.fitness\/?page_id=65\",\"name\":\"Leistungen - Manu Fit One\",\"isPartOf\":{\"@id\":\"https:\/\/manu.fitness\/#website\"},\"datePublished\":\"2021-02-21T01:27:37+00:00\",\"dateModified\":\"2021-02-23T00:41:01+00:00\",\"breadcrumb\":{\"@id\":\"https:\/\/manu.fitness\/?page_id=65#breadcrumb\"},\"inLanguage\":\"de\",\"potentialAction\":[{\"@type\":\"ReadAction\",\"target\":[\"https:\/\/manu.fitness\/?page_id=65\"]}]},{\"@type\":\"BreadcrumbList\",\"@id\":\"https:\/\/manu.fitness\/?page_id=65#breadcrumb\",\"itemListElement\":[{\"@type\":\"ListItem\",\"position\":1,\"name\":\"Startseite\",\"item\":\"https:\/\/manu.fitness\/\"},{\"@type\":\"ListItem\",\"position\":2,\"name\":\"Leistungen\"}]},{\"@type\":\"WebSite\",\"@id\":\"https:\/\/manu.fitness\/#website\",\"url\":\"https:\/\/manu.fitness\/\",\"name\":\"Manu Fit One\",\"description\":\"Ern\u00e4hrungsberatung und Fitness\",\"publisher\":{\"@id\":\"https:\/\/manu.fitness\/#\/schema\/person\/b468aac5c6b4aafa5aba61819353c431\"},\"potentialAction\":[{\"@type\":\"SearchAction\",\"target\":{\"@type\":\"EntryPoint\",\"urlTemplate\":\"https:\/\/manu.fitness\/?s={search_term_string}\"},\"query-input\":{\"@type\":\"PropertyValueSpecification\",\"valueRequired\":true,\"valueName\":\"search_term_string\"}}],\"inLanguage\":\"de\"},{\"@type\":[\"Person\",\"Organization\"],\"@id\":\"https:\/\/manu.fitness\/#\/schema\/person\/b468aac5c6b4aafa5aba61819353c431\",\"name\":\"Fitness\",\"image\":{\"@type\":\"ImageObject\",\"inLanguage\":\"de\",\"@id\":\"https:\/\/manu.fitness\/#\/schema\/person\/image\/\",\"url\":\"https:\/\/manu.fitness\/wp-content\/uploads\/2021\/02\/cropped-manu-logo-neu.png\",\"contentUrl\":\"https:\/\/manu.fitness\/wp-content\/uploads\/2021\/02\/cropped-manu-logo-neu.png\",\"width\":1625,\"height\":1664,\"caption\":\"Fitness\"},\"logo\":{\"@id\":\"https:\/\/manu.fitness\/#\/schema\/person\/image\/\"}}]}<\/script>\n<!-- \/ Yoast SEO plugin. -->","yoast_head_json":{"title":"Leistungen - Manu Fit One","robots":{"index":"index","follow":"follow","max-snippet":"max-snippet:-1","max-image-preview":"max-image-preview:large","max-video-preview":"max-video-preview:-1"},"canonical":"https:\/\/manu.fitness\/?page_id=65","og_locale":"de_DE","og_type":"article","og_title":"Leistungen - Manu Fit One","og_description":"Packen wir es an! In verschiedener Hinsicht habe ich jeweils ein ganzes Spektrum anzubieten&#8230; Von Anf\u00e4ngern bis hin zu Profis, von telefonischer Beratung oder Tipps per WhatsApp \u00fcber Videochats bis hin zu pers\u00f6nlichen Treffen im In- und Ausland, von Ern\u00e4hrung \u00fcber Training bis hin zum Modelling &#8211; M\u00f6glichkeiten gibt es unz\u00e4hlige. Finden wir heraus, was [&hellip;]","og_url":"https:\/\/manu.fitness\/?page_id=65","og_site_name":"Manu Fit One","article_modified_time":"2021-02-23T00:41:01+00:00","twitter_card":"summary_large_image","schema":{"@context":"https:\/\/schema.org","@graph":[{"@type":"WebPage","@id":"https:\/\/manu.fitness\/?page_id=65","url":"https:\/\/manu.fitness\/?page_id=65","name":"Leistungen - Manu Fit One","isPartOf":{"@id":"https:\/\/manu.fitness\/#website"},"datePublished":"2021-02-21T01:27:37+00:00","dateModified":"2021-02-23T00:41:01+00:00","breadcrumb":{"@id":"https:\/\/manu.fitness\/?page_id=65#breadcrumb"},"inLanguage":"de","potentialAction":[{"@type":"ReadAction","target":["https:\/\/manu.fitness\/?page_id=65"]}]},{"@type":"BreadcrumbList","@id":"https:\/\/manu.fitness\/?page_id=65#breadcrumb","itemListElement":[{"@type":"ListItem","position":1,"name":"Startseite","item":"https:\/\/manu.fitness\/"},{"@type":"ListItem","position":2,"name":"Leistungen"}]},{"@type":"WebSite","@id":"https:\/\/manu.fitness\/#website","url":"https:\/\/manu.fitness\/","name":"Manu Fit One","description":"Ern\u00e4hrungsberatung und Fitness","publisher":{"@id":"https:\/\/manu.fitness\/#\/schema\/person\/b468aac5c6b4aafa5aba61819353c431"},"potentialAction":[{"@type":"SearchAction","target":{"@type":"EntryPoint","urlTemplate":"https:\/\/manu.fitness\/?s={search_term_string}"},"query-input":{"@type":"PropertyValueSpecification","valueRequired":true,"valueName":"search_term_string"}}],"inLanguage":"de"},{"@type":["Person","Organization"],"@id":"https:\/\/manu.fitness\/#\/schema\/person\/b468aac5c6b4aafa5aba61819353c431","name":"Fitness","image":{"@type":"ImageObject","inLanguage":"de","@id":"https:\/\/manu.fitness\/#\/schema\/person\/image\/","url":"https:\/\/manu.fitness\/wp-content\/uploads\/2021\/02\/cropped-manu-logo-neu.png","contentUrl":"https:\/\/manu.fitness\/wp-content\/uploads\/2021\/02\/cropped-manu-logo-neu.png","width":1625,"height":1664,"caption":"Fitness"},"logo":{"@id":"https:\/\/manu.fitness\/#\/schema\/person\/image\/"}}]}},"_links":{"self":[{"href":"https:\/\/manu.fitness\/index.php?rest_route=\/wp\/v2\/pages\/65","targetHints":{"allow":["GET"]}}],"collection":[{"href":"https:\/\/manu.fitness\/index.php?rest_route=\/wp\/v2\/pages"}],"about":[{"href":"https:\/\/manu.fitness\/index.php?rest_route=\/wp\/v2\/types\/page"}],"author":[{"embeddable":true,"href":"https:\/\/manu.fitness\/index.php?rest_route=\/wp\/v2\/users\/1"}],"replies":[{"embeddable":true,"href":"https:\/\/manu.fitness\/index.php?rest_route=%2Fwp%2Fv2%2Fcomments&post=65"}],"version-history":[{"count":13,"href":"https:\/\/manu.fitness\/index.php?rest_route=\/wp\/v2\/pages\/65\/revisions"}],"predecessor-version":[{"id":934,"href":"https:\/\/manu.fitness\/index.php?rest_route=\/wp\/v2\/pages\/65\/revisions\/934"}],"wp:attachment":[{"href":"https:\/\/manu.fitness\/index.php?rest_route=%2Fwp%2Fv2%2Fmedia&parent=65"}],"curies":[{"name":"wp","href":"https:\/\/api.w.org\/{rel}","templated":true}]}}