{"id":5,"date":"2020-07-29T11:15:47","date_gmt":"2020-07-29T11:15:47","guid":{"rendered":"http:\/\/manu.fitness\/?page_id=5"},"modified":"2021-02-22T12:46:45","modified_gmt":"2021-02-22T12:46:45","slug":"der-gedanke","status":"publish","type":"page","link":"https:\/\/manu.fitness\/?page_id=5","title":{"rendered":"Personal Training"},"content":{"rendered":"<div data-colibri-id=\"5-c1\" class=\"style-552 style-local-5-c1 position-relative\">\n  <!---->\n  <div data-colibri-component=\"section\" data-colibri-id=\"5-c2\" id=\"about\" class=\"h-section h-section-global-spacing d-flex align-items-lg-center align-items-md-center align-items-center style-556 style-local-5-c2 position-relative\">\n    <!---->\n    <!---->\n    <div class=\"h-section-grid-container h-section-boxed-container\">\n      <!---->\n      <div data-colibri-id=\"5-c3\" class=\"h-row-container gutters-row-lg-0 gutters-row-md-0 gutters-row-0 gutters-row-v-lg-0 gutters-row-v-md-0 gutters-row-v-0 style-557 style-local-5-c3 position-relative\">\n        <!---->\n        <div class=\"h-row justify-content-lg-center justify-content-md-center justify-content-center align-items-lg-stretch align-items-md-stretch align-items-stretch gutters-col-lg-0 gutters-col-md-0 gutters-col-0 gutters-col-v-lg-0 gutters-col-v-md-0 gutters-col-v-0\">\n          <!---->\n          <div class=\"h-column h-column-container d-flex h-col-lg-auto h-col-md-auto h-col-auto style-558-outer style-local-5-c4-outer\">\n            <div data-colibri-id=\"5-c4\" class=\"d-flex h-flex-basis h-column__inner h-ui-empty-state-container h-px-lg-0 h-px-md-0 h-px-0 v-inner-lg-0 v-inner-md-0 v-inner-0 style-558 style-local-5-c4 position-relative\">\n              <!---->\n              <!---->\n              <div class=\"w-100 h-y-container h-column__content h-column__v-align flex-basis-100\">\n                <!---->\n              <\/div>\n            <\/div>\n          <\/div>\n          <div class=\"h-column h-column-container d-flex h-col-lg-auto h-col-md-auto h-col-auto style-559-outer style-local-5-c5-outer\">\n            <div data-colibri-id=\"5-c5\" class=\"d-flex h-flex-basis h-column__inner h-px-lg-2 h-px-md-2 h-px-2 v-inner-lg-2 v-inner-md-2 v-inner-2 style-559 style-local-5-c5 position-relative\">\n              <!---->\n              <!---->\n              <div class=\"w-100 h-y-container h-column__content h-column__v-align flex-basis-100 align-self-lg-start align-self-md-start align-self-start\">\n                <!---->\n                <div data-colibri-id=\"5-c6\" class=\"h-global-transition-all h-heading style-560 style-local-5-c6 position-relative h-element\">\n                  <!---->\n                  <div class=\"h-heading__outer style-560 style-local-5-c6\">\n                    <!---->\n                    <!---->\n                    <h5 class=\"\">Ist ein Personal Trainer das richtige f\u00fcr mich?<\/h5>\n                  <\/div>\n                <\/div>\n                <div data-colibri-id=\"5-c7\" class=\"h-global-transition-all h-heading style-561 style-local-5-c7 position-relative h-element\">\n                  <!---->\n                  <div class=\"h-heading__outer style-561 style-local-5-c7\">\n                    <!---->\n                    <!---->\n                    <h2 class=\"\">Willst Du in Zukunft&nbsp;<em style=\"font-family: &quot;Playfair Display&quot;;\">besser trainieren<\/em> als zuvor?&nbsp;<\/h2>\n                  <\/div>\n                <\/div>\n                <div data-colibri-id=\"5-c8\" class=\"h-text h-text-component style-562 style-local-5-c8 position-relative h-element\">\n                  <!---->\n                  <!---->\n                  <div class=\"\">\n                    <p>Egal, was Dein Ausgangsniveau ist, und egal, ob Du aus optischen Gr\u00fcnden etwas ver\u00e4ndern willst, oder zur Verbesserung Deines Wohlbefindens, oder zur Leistungssteigerung: Du m\u00f6chtest es k\u00fcnftig anders machen, n\u00e4mlich besser und effektiver\n                      als vorher.\n                      <br>Und da komme ich ins Spiel: ich kann Dich dabei unterst\u00fctzen, all diese unterschiedlichen Ziele zu erreichen.<\/p>\n                  <\/div>\n                <\/div>\n              <\/div>\n            <\/div>\n          <\/div>\n        <\/div>\n      <\/div>\n    <\/div>\n  <\/div>\n<\/div>","protected":false},"excerpt":{"rendered":"<p>Ist ein Personal Trainer das richtige f\u00fcr mich? Willst Du in Zukunft&nbsp;besser trainieren als zuvor?&nbsp; Egal, was Dein Ausgangsniveau ist, und egal, ob Du aus optischen Gr\u00fcnden etwas ver\u00e4ndern willst, oder zur Verbesserung Deines Wohlbefindens, oder zur Leistungssteigerung: Du m\u00f6chtest es k\u00fcnftig anders machen, n\u00e4mlich besser und effektiver als vorher. Und da komme ich ins [&hellip;]<\/p>\n","protected":false},"author":1,"featured_media":0,"parent":0,"menu_order":0,"comment_status":"closed","ping_status":"closed","template":"page-templates\/full-width-page.php","meta":{"footnotes":""},"class_list":["post-5","page","type-page","status-publish","hentry"],"yoast_head":"<!-- This site is optimized with the Yoast SEO plugin v25.8 - https:\/\/yoast.com\/wordpress\/plugins\/seo\/ -->\n<title>Personal Training - Manu Fit One<\/title>\n<meta name=\"robots\" content=\"index, follow, max-snippet:-1, max-image-preview:large, max-video-preview:-1\" \/>\n<link rel=\"canonical\" href=\"https:\/\/manu.fitness\/?page_id=5\" \/>\n<meta property=\"og:locale\" content=\"de_DE\" \/>\n<meta property=\"og:type\" content=\"article\" \/>\n<meta property=\"og:title\" content=\"Personal Training - Manu Fit One\" \/>\n<meta property=\"og:description\" content=\"Ist ein Personal Trainer das richtige f\u00fcr mich? Willst Du in Zukunft&nbsp;besser trainieren als zuvor?&nbsp; Egal, was Dein Ausgangsniveau ist, und egal, ob Du aus optischen Gr\u00fcnden etwas ver\u00e4ndern willst, oder zur Verbesserung Deines Wohlbefindens, oder zur Leistungssteigerung: Du m\u00f6chtest es k\u00fcnftig anders machen, n\u00e4mlich besser und effektiver als vorher. Und da komme ich ins [&hellip;]\" \/>\n<meta property=\"og:url\" content=\"https:\/\/manu.fitness\/?page_id=5\" \/>\n<meta property=\"og:site_name\" content=\"Manu Fit One\" \/>\n<meta property=\"article:modified_time\" content=\"2021-02-22T12:46:45+00:00\" \/>\n<meta name=\"twitter:card\" content=\"summary_large_image\" \/>\n<script type=\"application\/ld+json\" class=\"yoast-schema-graph\">{\"@context\":\"https:\/\/schema.org\",\"@graph\":[{\"@type\":\"WebPage\",\"@id\":\"https:\/\/manu.fitness\/?page_id=5\",\"url\":\"https:\/\/manu.fitness\/?page_id=5\",\"name\":\"Personal Training - Manu Fit One\",\"isPartOf\":{\"@id\":\"https:\/\/manu.fitness\/#website\"},\"datePublished\":\"2020-07-29T11:15:47+00:00\",\"dateModified\":\"2021-02-22T12:46:45+00:00\",\"breadcrumb\":{\"@id\":\"https:\/\/manu.fitness\/?page_id=5#breadcrumb\"},\"inLanguage\":\"de\",\"potentialAction\":[{\"@type\":\"ReadAction\",\"target\":[\"https:\/\/manu.fitness\/?page_id=5\"]}]},{\"@type\":\"BreadcrumbList\",\"@id\":\"https:\/\/manu.fitness\/?page_id=5#breadcrumb\",\"itemListElement\":[{\"@type\":\"ListItem\",\"position\":1,\"name\":\"Startseite\",\"item\":\"https:\/\/manu.fitness\/\"},{\"@type\":\"ListItem\",\"position\":2,\"name\":\"Personal Training\"}]},{\"@type\":\"WebSite\",\"@id\":\"https:\/\/manu.fitness\/#website\",\"url\":\"https:\/\/manu.fitness\/\",\"name\":\"Manu Fit One\",\"description\":\"Ern\u00e4hrungsberatung und Fitness\",\"publisher\":{\"@id\":\"https:\/\/manu.fitness\/#\/schema\/person\/b468aac5c6b4aafa5aba61819353c431\"},\"potentialAction\":[{\"@type\":\"SearchAction\",\"target\":{\"@type\":\"EntryPoint\",\"urlTemplate\":\"https:\/\/manu.fitness\/?s={search_term_string}\"},\"query-input\":{\"@type\":\"PropertyValueSpecification\",\"valueRequired\":true,\"valueName\":\"search_term_string\"}}],\"inLanguage\":\"de\"},{\"@type\":[\"Person\",\"Organization\"],\"@id\":\"https:\/\/manu.fitness\/#\/schema\/person\/b468aac5c6b4aafa5aba61819353c431\",\"name\":\"Fitness\",\"image\":{\"@type\":\"ImageObject\",\"inLanguage\":\"de\",\"@id\":\"https:\/\/manu.fitness\/#\/schema\/person\/image\/\",\"url\":\"https:\/\/manu.fitness\/wp-content\/uploads\/2021\/02\/cropped-manu-logo-neu.png\",\"contentUrl\":\"https:\/\/manu.fitness\/wp-content\/uploads\/2021\/02\/cropped-manu-logo-neu.png\",\"width\":1625,\"height\":1664,\"caption\":\"Fitness\"},\"logo\":{\"@id\":\"https:\/\/manu.fitness\/#\/schema\/person\/image\/\"}}]}<\/script>\n<!-- \/ Yoast SEO plugin. -->","yoast_head_json":{"title":"Personal Training - Manu Fit One","robots":{"index":"index","follow":"follow","max-snippet":"max-snippet:-1","max-image-preview":"max-image-preview:large","max-video-preview":"max-video-preview:-1"},"canonical":"https:\/\/manu.fitness\/?page_id=5","og_locale":"de_DE","og_type":"article","og_title":"Personal Training - Manu Fit One","og_description":"Ist ein Personal Trainer das richtige f\u00fcr mich? Willst Du in Zukunft&nbsp;besser trainieren als zuvor?&nbsp; Egal, was Dein Ausgangsniveau ist, und egal, ob Du aus optischen Gr\u00fcnden etwas ver\u00e4ndern willst, oder zur Verbesserung Deines Wohlbefindens, oder zur Leistungssteigerung: Du m\u00f6chtest es k\u00fcnftig anders machen, n\u00e4mlich besser und effektiver als vorher. Und da komme ich ins [&hellip;]","og_url":"https:\/\/manu.fitness\/?page_id=5","og_site_name":"Manu Fit One","article_modified_time":"2021-02-22T12:46:45+00:00","twitter_card":"summary_large_image","schema":{"@context":"https:\/\/schema.org","@graph":[{"@type":"WebPage","@id":"https:\/\/manu.fitness\/?page_id=5","url":"https:\/\/manu.fitness\/?page_id=5","name":"Personal Training - Manu Fit One","isPartOf":{"@id":"https:\/\/manu.fitness\/#website"},"datePublished":"2020-07-29T11:15:47+00:00","dateModified":"2021-02-22T12:46:45+00:00","breadcrumb":{"@id":"https:\/\/manu.fitness\/?page_id=5#breadcrumb"},"inLanguage":"de","potentialAction":[{"@type":"ReadAction","target":["https:\/\/manu.fitness\/?page_id=5"]}]},{"@type":"BreadcrumbList","@id":"https:\/\/manu.fitness\/?page_id=5#breadcrumb","itemListElement":[{"@type":"ListItem","position":1,"name":"Startseite","item":"https:\/\/manu.fitness\/"},{"@type":"ListItem","position":2,"name":"Personal Training"}]},{"@type":"WebSite","@id":"https:\/\/manu.fitness\/#website","url":"https:\/\/manu.fitness\/","name":"Manu Fit One","description":"Ern\u00e4hrungsberatung und Fitness","publisher":{"@id":"https:\/\/manu.fitness\/#\/schema\/person\/b468aac5c6b4aafa5aba61819353c431"},"potentialAction":[{"@type":"SearchAction","target":{"@type":"EntryPoint","urlTemplate":"https:\/\/manu.fitness\/?s={search_term_string}"},"query-input":{"@type":"PropertyValueSpecification","valueRequired":true,"valueName":"search_term_string"}}],"inLanguage":"de"},{"@type":["Person","Organization"],"@id":"https:\/\/manu.fitness\/#\/schema\/person\/b468aac5c6b4aafa5aba61819353c431","name":"Fitness","image":{"@type":"ImageObject","inLanguage":"de","@id":"https:\/\/manu.fitness\/#\/schema\/person\/image\/","url":"https:\/\/manu.fitness\/wp-content\/uploads\/2021\/02\/cropped-manu-logo-neu.png","contentUrl":"https:\/\/manu.fitness\/wp-content\/uploads\/2021\/02\/cropped-manu-logo-neu.png","width":1625,"height":1664,"caption":"Fitness"},"logo":{"@id":"https:\/\/manu.fitness\/#\/schema\/person\/image\/"}}]}},"_links":{"self":[{"href":"https:\/\/manu.fitness\/index.php?rest_route=\/wp\/v2\/pages\/5","targetHints":{"allow":["GET"]}}],"collection":[{"href":"https:\/\/manu.fitness\/index.php?rest_route=\/wp\/v2\/pages"}],"about":[{"href":"https:\/\/manu.fitness\/index.php?rest_route=\/wp\/v2\/types\/page"}],"author":[{"embeddable":true,"href":"https:\/\/manu.fitness\/index.php?rest_route=\/wp\/v2\/users\/1"}],"replies":[{"embeddable":true,"href":"https:\/\/manu.fitness\/index.php?rest_route=%2Fwp%2Fv2%2Fcomments&post=5"}],"version-history":[{"count":6,"href":"https:\/\/manu.fitness\/index.php?rest_route=\/wp\/v2\/pages\/5\/revisions"}],"predecessor-version":[{"id":629,"href":"https:\/\/manu.fitness\/index.php?rest_route=\/wp\/v2\/pages\/5\/revisions\/629"}],"wp:attachment":[{"href":"https:\/\/manu.fitness\/index.php?rest_route=%2Fwp%2Fv2%2Fmedia&parent=5"}],"curies":[{"name":"wp","href":"https:\/\/api.w.org\/{rel}","templated":true}]}}