{"id":49,"date":"2021-02-21T01:13:56","date_gmt":"2021-02-21T01:13:56","guid":{"rendered":"http:\/\/manu.fitness\/?page_id=49"},"modified":"2021-02-23T16:49:25","modified_gmt":"2021-02-23T16:49:25","slug":"colibri-wp","status":"publish","type":"page","link":"https:\/\/manu.fitness\/","title":{"rendered":"Ready for a change?"},"content":{"rendered":"<div data-colibri-id=\"49-c1\" class=\"style-188 style-local-49-c1 position-relative\">\n  <!---->\n  <div data-colibri-component=\"section\" data-colibri-id=\"49-c2\" id=\"about\" class=\"h-section h-section-global-spacing d-flex align-items-lg-center align-items-md-center align-items-center style-189 style-local-49-c2 position-relative\">\n    <!---->\n    <!---->\n    <div class=\"h-section-grid-container h-section-boxed-container\">\n      <!---->\n      <div data-colibri-id=\"49-c3\" class=\"h-row-container gutters-row-lg-0 gutters-row-md-0 gutters-row-0 gutters-row-v-lg-0 gutters-row-v-md-0 gutters-row-v-0 style-190 style-local-49-c3 position-relative\">\n        <!---->\n        <div class=\"h-row justify-content-lg-center justify-content-md-center justify-content-center align-items-lg-stretch align-items-md-stretch align-items-stretch gutters-col-lg-0 gutters-col-md-0 gutters-col-0 gutters-col-v-lg-0 gutters-col-v-md-0 gutters-col-v-0\">\n          <!---->\n          <div class=\"h-column h-column-container d-flex h-col-lg-auto h-col-md-auto h-col-auto style-191-outer style-local-49-c4-outer\">\n            <div data-colibri-id=\"49-c4\" class=\"d-flex h-flex-basis h-column__inner h-px-lg-0 h-px-md-0 h-px-0 v-inner-lg-0 v-inner-md-0 v-inner-0 style-191 style-local-49-c4 position-relative\">\n              <!---->\n              <!---->\n              <div class=\"w-100 h-y-container h-column__content h-column__v-align flex-basis-100 align-self-lg-start align-self-md-start align-self-start\">\n                <!---->\n                <div data-colibri-id=\"49-c5\" class=\"h-global-transition-all h-heading style-192 style-local-49-c5 position-relative h-element\">\n                  <!---->\n                  <div class=\"h-heading__outer style-192 style-local-49-c5\">\n                    <!---->\n                    <!---->\n                    <h5 class=\"\">It&#8217;s all about dedication.<\/h5>\n                  <\/div>\n                <\/div>\n                <div data-colibri-id=\"49-c6\" class=\"h-global-transition-all h-heading style-193 style-local-49-c6 position-relative h-element\">\n                  <!---->\n                  <div class=\"h-heading__outer style-193 style-local-49-c6\">\n                    <!---->\n                    <!---->\n                    <h3 class=\"\">Es ist eine alte Weisheit, dass man im Leben nichts geschenkt bekommt&#8230;<\/h3>\n                  <\/div>\n                <\/div>\n                <div data-colibri-id=\"49-c7\" class=\"h-text h-text-component style-194 style-local-49-c7 position-relative h-element\">\n                  <!---->\n                  <!---->\n                  <div class=\"\">\n                    <p>&#8230;eine andere Erkenntnis ist, dass unser Leben aus Routinen besteht. Welche wir uns zu eigen machen, bestimmt dar\u00fcber, was f\u00fcr ein Leben wir f\u00fchren. Wenn wir hier die richtige Wahl treffen, k\u00f6nnen wir gesund, aktiv und sportlich bis\n                      ins hohe Alter sein!<\/p>\n                  <\/div>\n                <\/div>\n              <\/div>\n            <\/div>\n          <\/div>\n          <div class=\"h-column h-column-container d-flex h-col-lg-auto h-col-md-auto h-col-auto style-195-outer style-local-49-c8-outer\">\n            <div data-colibri-id=\"49-c8\" class=\"d-flex h-flex-basis h-column__inner h-ui-empty-state-container h-px-lg-2 h-px-md-2 h-px-2 v-inner-lg-2 v-inner-md-2 v-inner-2 style-195 style-local-49-c8 position-relative\">\n              <!---->\n              <!---->\n              <div class=\"w-100 h-y-container h-column__content h-column__v-align flex-basis-100\">\n                <!---->\n              <\/div>\n            <\/div>\n          <\/div>\n        <\/div>\n      <\/div>\n    <\/div>\n  <\/div>\n  <div data-colibri-component=\"section\" data-colibri-id=\"49-c9\" id=\"contact\" class=\"h-section h-section-global-spacing d-flex align-items-lg-center align-items-md-center align-items-center style-314 style-local-49-c9 position-relative\">\n    <div class=\"background-wrapper\">\n      <div class=\"background-layer background-layer-media-container-lg\">\n        <!---->\n        <div class=\"overlay-layer\">\n          <div class=\"overlay-image-layer\" style=\"background-color: rgb(23, 37, 42); opacity: 0.5;\"><\/div>\n        <\/div>\n      <\/div>\n      <div class=\"background-layer background-layer-media-container-md\">\n        <!---->\n        <div class=\"overlay-layer\">\n          <div class=\"overlay-image-layer\" style=\"background-color: rgb(23, 37, 42); opacity: 0.5;\"><\/div>\n        <\/div>\n      <\/div>\n      <div class=\"background-layer background-layer-media-container\">\n        <!---->\n        <div class=\"overlay-layer\">\n          <div class=\"overlay-image-layer\" style=\"background-color: rgb(23, 37, 42); opacity: 0.5;\"><\/div>\n        <\/div>\n      <\/div>\n    <\/div>\n    <!---->\n    <div class=\"h-section-grid-container h-section-boxed-container\">\n      <!---->\n      <div data-colibri-id=\"49-c10\" class=\"h-row-container gutters-row-lg-2 gutters-row-md-2 gutters-row-2 gutters-row-v-lg-2 gutters-row-v-md-2 gutters-row-v-2 style-315 style-local-49-c10 position-relative\">\n        <!---->\n        <div class=\"h-row justify-content-lg-center justify-content-md-center justify-content-center align-items-lg-stretch align-items-md-stretch align-items-stretch gutters-col-lg-2 gutters-col-md-2 gutters-col-2 gutters-col-v-lg-2 gutters-col-v-md-2 gutters-col-v-2\">\n          <!---->\n          <div class=\"h-column h-column-container d-flex h-col-lg-auto h-col-md-auto h-col-auto style-316-outer style-local-49-c11-outer\">\n            <div data-colibri-id=\"49-c11\" class=\"d-flex h-flex-basis h-column__inner h-px-lg-0 h-px-md-0 h-px-0 v-inner-lg-0 v-inner-md-0 v-inner-0 style-316 style-local-49-c11 position-relative\">\n              <!---->\n              <!---->\n              <div class=\"w-100 h-y-container h-column__content h-column__v-align flex-basis-100 align-self-lg-start align-self-md-start align-self-start\">\n                <!---->\n                <div data-colibri-id=\"49-c12\" class=\"h-row-container gutters-row-lg-0 gutters-row-md-0 gutters-row-0 gutters-row-v-lg-0 gutters-row-v-md-0 gutters-row-v-0 style-317 style-local-49-c12 position-relative\">\n                  <!---->\n                  <div class=\"h-row justify-content-lg-center justify-content-md-center justify-content-center align-items-lg-stretch align-items-md-stretch align-items-stretch gutters-col-lg-0 gutters-col-md-0 gutters-col-0 gutters-col-v-lg-0 gutters-col-v-md-0 gutters-col-v-0\">\n                    <!---->\n                    <div class=\"h-column h-column-container d-flex h-col-lg-auto h-col-md-auto h-col-auto style-318-outer style-local-49-c13-outer\">\n                      <div data-colibri-id=\"49-c13\" class=\"d-flex h-flex-basis h-column__inner h-px-lg-0 h-px-md-0 h-px-0 v-inner-lg-0 v-inner-md-0 v-inner-0 style-318 style-local-49-c13 position-relative\">\n                        <!---->\n                        <!---->\n                        <div class=\"w-100 h-y-container h-column__content h-column__v-align flex-basis-100 align-self-lg-center align-self-md-center align-self-center\">\n                          <!---->\n                          <div data-colibri-id=\"49-c14\" class=\"h-global-transition-all h-heading style-319 style-local-49-c14 position-relative h-element\">\n                            <!---->\n                            <div class=\"h-heading__outer style-319 style-local-49-c14\">\n                              <!---->\n                              <!---->\n                              <h4 class=\"\">Schreib mir:<\/h4>\n                            <\/div>\n                          <\/div>\n                          <div data-colibri-id=\"49-c15\" class=\"h-icon style-320 style-local-49-c15 position-relative h-element\">\n                            <!---->\n                            <a href=\"mailto: mail@manu.fitness\" h-use-smooth-scroll=\"true\"><span class=\"h-svg-icon h-icon__icon style-320-icon style-local-49-c15-icon\"><!--Icon by Font Awesome (https:\/\/fontawesome.com)--><svg version=\"1.1\" xmlns=\"http:\/\/www.w3.org\/2000\/svg\" xmlns:xlink=\"http:\/\/www.w3.org\/1999\/xlink\" id=\"envelope\" viewBox=\"0 0 1792 1896.0833\"><path d=\"M1792 710v794q0 66-47 113t-113 47H160q-66 0-113-47T0 1504V710q44 49 101 87 362 246 497 345 57 42 92.5 65.5t94.5 48 110 24.5h2q51 0 110-24.5t94.5-48 92.5-65.5q170-123 498-345 57-39 100-87zm0-294q0 79-49 151t-122 123q-376 261-468 325-10 7-42.5 30.5t-54 38-52 32.5-57.5 27-50 9h-2q-23 0-50-9t-57.5-27-52-32.5-54-38T639 1015q-91-64-262-182.5T172 690q-62-42-117-115.5T0 438q0-78 41.5-130T160 256h1472q65 0 112.5 47t47.5 113z\"><\/path><\/svg><\/span><\/a>\n                          <\/div>\n                          <div data-colibri-id=\"49-c16\" class=\"h-global-transition-all h-heading style-321 style-local-49-c16 position-relative h-element\">\n                            <!---->\n                            <div class=\"h-heading__outer style-321 style-local-49-c16\">\n                              <!---->\n                              <!---->\n                              <h4 class=\"\">FINDE MICH AUF INSTAGRAM:<\/h4>\n                            <\/div>\n                          <\/div>\n                          <div data-colibri-id=\"49-c17\" class=\"style-322 style-local-49-c17 position-relative h-element\">\n                            <!---->\n                            <div class=\"d-flex flex-wrap h-social-icons justify-content-lg-center justify-content-md-center justify-content-center\">\n                              <div class=\"social-icon-container d-inline-flex\">\n                                <a href=\"https:\/\/www.instagram.com\/manu_fitone\/\" h-use-smooth-scroll=\"true\">\n                                  <div class=\"icon-container h-social-icon h-global-transition\">\n                                    <div class=\"h-icon-svg\" style=\"width: 100%; height: 100%;\">\n                                      <!--Icon by Socicon (http:\/\/www.socicon.com)-->\n                                      <svg version=\"1.1\" xmlns=\"http:\/\/www.w3.org\/2000\/svg\" viewBox=\"0 0 1500 1500\">\n\n                                        <path d=\"M750 134.766c202.148 0 222.656 2.93 301.758 5.859 76.172 2.93 114.258 14.648 140.625 23.438 35.156 14.648 61.523 32.227 84.961 55.664 26.367 26.367 43.945 52.734 55.664 84.961 11.719 29.297 23.438 67.383 26.367 140.625 2.93 82.031 5.859 102.539 5.859 304.688s-2.93 222.656-5.859 301.758c-2.93 76.172-14.648 114.258-23.438 140.625-14.648 35.156-32.227 61.523-55.664 84.961-26.367 26.367-52.734 43.945-84.961 55.664-29.297 11.719-67.383 23.438-140.625 26.367-82.031 2.93-102.539 5.859-304.688 5.859s-222.656-2.93-301.758-5.859c-76.172-2.93-114.258-14.648-140.625-23.438-35.156-14.648-61.523-32.227-84.961-55.664-26.367-26.367-43.945-52.734-55.664-84.961-11.719-29.297-23.438-67.383-26.367-140.625-2.93-82.031-5.859-102.539-5.859-304.688s2.93-222.656 5.859-301.758c2.93-76.172 14.648-114.258 23.438-140.625 14.648-35.156 32.227-61.523 55.664-84.961 26.367-26.367 52.734-43.945 84.961-55.664 29.297-11.719 67.383-23.438 140.625-26.367 82.031-2.93 102.539-5.859 304.688-5.859M750 0c-205.078 0-228.516 2.93-307.617 5.859-82.031 2.93-137.695 14.648-181.641 32.227-49.805 20.508-93.75 46.875-134.766 87.891s-67.383 84.961-87.891 134.766c-17.578 46.875-29.297 99.609-32.227 181.641-2.93 79.102-5.859 102.539-5.859 307.617s2.93 228.516 5.859 307.617c2.93 82.031 14.648 137.695 32.227 181.641 20.508 49.805 46.875 93.75 87.891 134.766s84.961 67.383 134.766 87.891c46.875 17.578 99.609 29.297 181.641 32.227 79.102 2.93 102.539 5.859 307.617 5.859s228.516-2.93 307.617-5.859c82.031-2.93 137.695-14.648 181.641-32.227 49.805-20.508 93.75-46.875 134.766-87.891s67.383-84.961 87.891-134.766c17.578-46.875 29.297-99.609 32.227-181.641 2.93-79.102 5.859-102.539 5.859-307.617s-2.93-228.516-5.859-307.617c-2.93-82.031-14.648-137.695-32.227-181.641-20.508-49.805-46.875-93.75-87.891-134.766s-84.961-67.383-134.766-87.891c-46.875-17.578-99.609-29.297-181.641-32.227-79.102-2.93-102.539-5.859-307.617-5.859zM750 363.281c-213.867 0-386.719 172.852-386.719 386.719s172.852 386.719 386.719 386.719c213.867 0 386.719-172.852 386.719-386.719s-172.852-386.719-386.719-386.719zM750 1001.953c-137.695 0-251.953-114.258-251.953-251.953s114.258-251.953 251.953-251.953c137.695 0 251.953 114.258 251.953 251.953s-114.258 251.953-251.953 251.953zM1239.258 348.633c0 49.805-38.086 90.82-87.891 90.82s-90.82-41.016-90.82-90.82c0-49.805 41.016-87.891 90.82-87.891s87.891 38.086 87.891 87.891z\"><\/path>\n                                      <\/svg>\n                                    <\/div>\n                                  <\/div>\n                                <\/a>\n                              <\/div>\n                            <\/div>\n                          <\/div>\n                        <\/div>\n                      <\/div>\n                    <\/div>\n                  <\/div>\n                <\/div>\n              <\/div>\n            <\/div>\n          <\/div>\n        <\/div>\n      <\/div>\n    <\/div>\n  <\/div>\n<\/div>","protected":false},"excerpt":{"rendered":"<p>It&#8217;s all about dedication. Es ist eine alte Weisheit, dass man im Leben nichts geschenkt bekommt&#8230; &#8230;eine andere Erkenntnis ist, dass unser Leben aus Routinen besteht. Welche wir uns zu eigen machen, bestimmt dar\u00fcber, was f\u00fcr ein Leben wir f\u00fchren. Wenn wir hier die richtige Wahl treffen, k\u00f6nnen wir gesund, aktiv und sportlich bis ins [&hellip;]<\/p>\n","protected":false},"author":1,"featured_media":0,"parent":0,"menu_order":0,"comment_status":"closed","ping_status":"closed","template":"page-templates\/homepage.php","meta":{"footnotes":""},"class_list":["post-49","page","type-page","status-publish","hentry"],"yoast_head":"<!-- This site is optimized with the Yoast SEO plugin v25.8 - https:\/\/yoast.com\/wordpress\/plugins\/seo\/ -->\n<title>Ready for a change? - Manu Fit One<\/title>\n<meta name=\"robots\" content=\"index, follow, max-snippet:-1, max-image-preview:large, max-video-preview:-1\" \/>\n<link rel=\"canonical\" href=\"https:\/\/manu.fitness\/\" \/>\n<meta property=\"og:locale\" content=\"de_DE\" \/>\n<meta property=\"og:type\" content=\"article\" \/>\n<meta property=\"og:title\" content=\"Ready for a change? - Manu Fit One\" \/>\n<meta property=\"og:description\" content=\"It&#8217;s all about dedication. Es ist eine alte Weisheit, dass man im Leben nichts geschenkt bekommt&#8230; &#8230;eine andere Erkenntnis ist, dass unser Leben aus Routinen besteht. Welche wir uns zu eigen machen, bestimmt dar\u00fcber, was f\u00fcr ein Leben wir f\u00fchren. Wenn wir hier die richtige Wahl treffen, k\u00f6nnen wir gesund, aktiv und sportlich bis ins [&hellip;]\" \/>\n<meta property=\"og:url\" content=\"https:\/\/manu.fitness\/\" \/>\n<meta property=\"og:site_name\" content=\"Manu Fit One\" \/>\n<meta property=\"article:modified_time\" content=\"2021-02-23T16:49:25+00:00\" \/>\n<meta name=\"twitter:card\" content=\"summary_large_image\" \/>\n<script type=\"application\/ld+json\" class=\"yoast-schema-graph\">{\"@context\":\"https:\/\/schema.org\",\"@graph\":[{\"@type\":\"WebPage\",\"@id\":\"https:\/\/manu.fitness\/\",\"url\":\"https:\/\/manu.fitness\/\",\"name\":\"Ready for a change? - Manu Fit One\",\"isPartOf\":{\"@id\":\"https:\/\/manu.fitness\/#website\"},\"datePublished\":\"2021-02-21T01:13:56+00:00\",\"dateModified\":\"2021-02-23T16:49:25+00:00\",\"breadcrumb\":{\"@id\":\"https:\/\/manu.fitness\/#breadcrumb\"},\"inLanguage\":\"de\",\"potentialAction\":[{\"@type\":\"ReadAction\",\"target\":[\"https:\/\/manu.fitness\/\"]}]},{\"@type\":\"BreadcrumbList\",\"@id\":\"https:\/\/manu.fitness\/#breadcrumb\",\"itemListElement\":[{\"@type\":\"ListItem\",\"position\":1,\"name\":\"Startseite\",\"item\":\"https:\/\/manu.fitness\/\"},{\"@type\":\"ListItem\",\"position\":2,\"name\":\"Ready for a change?\"}]},{\"@type\":\"WebSite\",\"@id\":\"https:\/\/manu.fitness\/#website\",\"url\":\"https:\/\/manu.fitness\/\",\"name\":\"Manu Fit One\",\"description\":\"Ern\u00e4hrungsberatung und Fitness\",\"publisher\":{\"@id\":\"https:\/\/manu.fitness\/#\/schema\/person\/b468aac5c6b4aafa5aba61819353c431\"},\"potentialAction\":[{\"@type\":\"SearchAction\",\"target\":{\"@type\":\"EntryPoint\",\"urlTemplate\":\"https:\/\/manu.fitness\/?s={search_term_string}\"},\"query-input\":{\"@type\":\"PropertyValueSpecification\",\"valueRequired\":true,\"valueName\":\"search_term_string\"}}],\"inLanguage\":\"de\"},{\"@type\":[\"Person\",\"Organization\"],\"@id\":\"https:\/\/manu.fitness\/#\/schema\/person\/b468aac5c6b4aafa5aba61819353c431\",\"name\":\"Fitness\",\"image\":{\"@type\":\"ImageObject\",\"inLanguage\":\"de\",\"@id\":\"https:\/\/manu.fitness\/#\/schema\/person\/image\/\",\"url\":\"https:\/\/manu.fitness\/wp-content\/uploads\/2021\/02\/cropped-manu-logo-neu.png\",\"contentUrl\":\"https:\/\/manu.fitness\/wp-content\/uploads\/2021\/02\/cropped-manu-logo-neu.png\",\"width\":1625,\"height\":1664,\"caption\":\"Fitness\"},\"logo\":{\"@id\":\"https:\/\/manu.fitness\/#\/schema\/person\/image\/\"}}]}<\/script>\n<!-- \/ Yoast SEO plugin. -->","yoast_head_json":{"title":"Ready for a change? - Manu Fit One","robots":{"index":"index","follow":"follow","max-snippet":"max-snippet:-1","max-image-preview":"max-image-preview:large","max-video-preview":"max-video-preview:-1"},"canonical":"https:\/\/manu.fitness\/","og_locale":"de_DE","og_type":"article","og_title":"Ready for a change? - Manu Fit One","og_description":"It&#8217;s all about dedication. Es ist eine alte Weisheit, dass man im Leben nichts geschenkt bekommt&#8230; &#8230;eine andere Erkenntnis ist, dass unser Leben aus Routinen besteht. Welche wir uns zu eigen machen, bestimmt dar\u00fcber, was f\u00fcr ein Leben wir f\u00fchren. Wenn wir hier die richtige Wahl treffen, k\u00f6nnen wir gesund, aktiv und sportlich bis ins [&hellip;]","og_url":"https:\/\/manu.fitness\/","og_site_name":"Manu Fit One","article_modified_time":"2021-02-23T16:49:25+00:00","twitter_card":"summary_large_image","schema":{"@context":"https:\/\/schema.org","@graph":[{"@type":"WebPage","@id":"https:\/\/manu.fitness\/","url":"https:\/\/manu.fitness\/","name":"Ready for a change? - Manu Fit One","isPartOf":{"@id":"https:\/\/manu.fitness\/#website"},"datePublished":"2021-02-21T01:13:56+00:00","dateModified":"2021-02-23T16:49:25+00:00","breadcrumb":{"@id":"https:\/\/manu.fitness\/#breadcrumb"},"inLanguage":"de","potentialAction":[{"@type":"ReadAction","target":["https:\/\/manu.fitness\/"]}]},{"@type":"BreadcrumbList","@id":"https:\/\/manu.fitness\/#breadcrumb","itemListElement":[{"@type":"ListItem","position":1,"name":"Startseite","item":"https:\/\/manu.fitness\/"},{"@type":"ListItem","position":2,"name":"Ready for a change?"}]},{"@type":"WebSite","@id":"https:\/\/manu.fitness\/#website","url":"https:\/\/manu.fitness\/","name":"Manu Fit One","description":"Ern\u00e4hrungsberatung und Fitness","publisher":{"@id":"https:\/\/manu.fitness\/#\/schema\/person\/b468aac5c6b4aafa5aba61819353c431"},"potentialAction":[{"@type":"SearchAction","target":{"@type":"EntryPoint","urlTemplate":"https:\/\/manu.fitness\/?s={search_term_string}"},"query-input":{"@type":"PropertyValueSpecification","valueRequired":true,"valueName":"search_term_string"}}],"inLanguage":"de"},{"@type":["Person","Organization"],"@id":"https:\/\/manu.fitness\/#\/schema\/person\/b468aac5c6b4aafa5aba61819353c431","name":"Fitness","image":{"@type":"ImageObject","inLanguage":"de","@id":"https:\/\/manu.fitness\/#\/schema\/person\/image\/","url":"https:\/\/manu.fitness\/wp-content\/uploads\/2021\/02\/cropped-manu-logo-neu.png","contentUrl":"https:\/\/manu.fitness\/wp-content\/uploads\/2021\/02\/cropped-manu-logo-neu.png","width":1625,"height":1664,"caption":"Fitness"},"logo":{"@id":"https:\/\/manu.fitness\/#\/schema\/person\/image\/"}}]}},"_links":{"self":[{"href":"https:\/\/manu.fitness\/index.php?rest_route=\/wp\/v2\/pages\/49","targetHints":{"allow":["GET"]}}],"collection":[{"href":"https:\/\/manu.fitness\/index.php?rest_route=\/wp\/v2\/pages"}],"about":[{"href":"https:\/\/manu.fitness\/index.php?rest_route=\/wp\/v2\/types\/page"}],"author":[{"embeddable":true,"href":"https:\/\/manu.fitness\/index.php?rest_route=\/wp\/v2\/users\/1"}],"replies":[{"embeddable":true,"href":"https:\/\/manu.fitness\/index.php?rest_route=%2Fwp%2Fv2%2Fcomments&post=49"}],"version-history":[{"count":20,"href":"https:\/\/manu.fitness\/index.php?rest_route=\/wp\/v2\/pages\/49\/revisions"}],"predecessor-version":[{"id":1092,"href":"https:\/\/manu.fitness\/index.php?rest_route=\/wp\/v2\/pages\/49\/revisions\/1092"}],"wp:attachment":[{"href":"https:\/\/manu.fitness\/index.php?rest_route=%2Fwp%2Fv2%2Fmedia&parent=49"}],"curies":[{"name":"wp","href":"https:\/\/api.w.org\/{rel}","templated":true}]}}